{"id":614,"date":"2025-05-27T17:56:32","date_gmt":"2025-05-27T17:56:32","guid":{"rendered":"https:\/\/pedralonga.es\/producto\/pedralonga-doumia-barrica\/"},"modified":"2025-06-25T10:08:18","modified_gmt":"2025-06-25T10:08:18","slug":"pedralonga-doumia-barrica","status":"publish","type":"product","link":"https:\/\/pedralonga.es\/en\/producto\/pedralonga-doumia-barrica\/","title":{"rendered":"Pedralonga DoUmia Barrica"},"content":{"rendered":"<p><span style=\"color: #636e07;\">Tasting note <\/span><\/p>\n<p><strong>Visual phase<\/strong>\u00a0translucent red with russet trim.<\/p>\n<p><strong>Olfactory phase<\/strong>\u00a0\u00a0complex, with aromas typical of the ageing process.<\/p>\n<p><strong>Taste phase<\/strong>\u00a0fresh and fruity on the palate, with good aftertaste and structure.<\/p>\n<p><span style=\"color: #636e07;\">Special features <\/span><\/p>\n<p>Harvested by hand in 16 kg crates. Temperature controlled fermentation in stainless steel tanks. Malolactic fermentation in Allier oak barrels on lees and subsequent resting on the lees for 9 to 12 months.<\/p>\n<p><span style=\"color: #636e07;\">Wood and fruit are heard <\/span><\/p>\n<p>We already had the character. The real challenge was to incorporate the complexity and structure of the oak into the personality of our Atlantic red DoUmia, without muffling its fruity identity, freshness and youth. We worked to achieve balance: never before has the dialogue between wood and fruit been so enriching!<\/p>\n","protected":false},"excerpt":{"rendered":"<p><strong>Country<\/strong>\u00a0Spain<\/p>\n<p><strong>Bottles per year<\/strong>\u00a02.000<\/p>\n<p><strong>Formats\u00a0<\/strong>75cl, Magnum 1,5l<\/p>\n<p><strong>Yield\u00a0<\/strong>4.500Kg\/Ha<\/p>\n<p><strong>Type of wine\u00a0<\/strong>Red wine aged in barrels<\/p>\n<p><strong>Alcohol content<\/strong>\u00a012% vol.<\/p>\n<p><strong>Grape variety<\/strong>\u00a060% Menc\u00eda, 30% Red Ca\u00ed\u00f1o, 10% Espadeiro<\/p>\n","protected":false},"featured_media":414,"comment_status":"open","ping_status":"closed","template":"","meta":{"_acf_changed":false},"product_brand":[],"product_cat":[43],"product_tag":[],"class_list":{"0":"post-614","1":"product","2":"type-product","3":"status-publish","4":"has-post-thumbnail","6":"product_cat-red","8":"first","9":"instock","10":"shipping-taxable","11":"purchasable","12":"product-type-variable"},"acf":[],"yoast_head":"<!-- This site is optimized with the Yoast SEO plugin v26.8 - https:\/\/yoast.com\/product\/yoast-seo-wordpress\/ -->\n<title>Pedralonga DoUmia Barrica - Adega Pedralonga<\/title>\n<meta name=\"robots\" content=\"index, follow, max-snippet:-1, max-image-preview:large, max-video-preview:-1\" \/>\n<link rel=\"canonical\" href=\"https:\/\/pedralonga.es\/en\/producto\/pedralonga-doumia-barrica\/\" \/>\n<meta property=\"og:locale\" content=\"en_US\" \/>\n<meta property=\"og:type\" content=\"article\" \/>\n<meta property=\"og:title\" content=\"Pedralonga DoUmia Barrica - Adega Pedralonga\" \/>\n<meta property=\"og:description\" content=\"Country\u00a0Spain  Bottles per year\u00a02.000  Formats\u00a075cl, Magnum 1,5l  Yield\u00a04.500Kg\/Ha  Type of wine\u00a0Red wine aged in barrels  Alcohol content\u00a012% vol.  Grape variety\u00a060% Menc\u00eda, 30% Red Ca\u00ed\u00f1o, 10% Espadeiro\" \/>\n<meta property=\"og:url\" content=\"https:\/\/pedralonga.es\/en\/producto\/pedralonga-doumia-barrica\/\" \/>\n<meta property=\"og:site_name\" content=\"Adega Pedralonga\" \/>\n<meta property=\"article:modified_time\" content=\"2025-06-25T10:08:18+00:00\" \/>\n<meta property=\"og:image\" content=\"https:\/\/pedralonga.es\/wp-content\/uploads\/2025\/05\/pedralonga-doumia-barrica.webp\" \/>\n\t<meta property=\"og:image:width\" content=\"364\" \/>\n\t<meta property=\"og:image:height\" content=\"800\" \/>\n\t<meta property=\"og:image:type\" content=\"image\/webp\" \/>\n<meta name=\"twitter:card\" content=\"summary_large_image\" \/>\n<meta name=\"twitter:label1\" content=\"Est. reading time\" \/>\n\t<meta name=\"twitter:data1\" content=\"1 minute\" \/>\n<script type=\"application\/ld+json\" class=\"yoast-schema-graph\">{\"@context\":\"https:\/\/schema.org\",\"@graph\":[{\"@type\":\"WebPage\",\"@id\":\"https:\/\/pedralonga.es\/en\/producto\/pedralonga-doumia-barrica\/\",\"url\":\"https:\/\/pedralonga.es\/en\/producto\/pedralonga-doumia-barrica\/\",\"name\":\"Pedralonga DoUmia Barrica - Adega Pedralonga\",\"isPartOf\":{\"@id\":\"https:\/\/pedralonga.es\/en\/#website\"},\"primaryImageOfPage\":{\"@id\":\"https:\/\/pedralonga.es\/en\/producto\/pedralonga-doumia-barrica\/#primaryimage\"},\"image\":{\"@id\":\"https:\/\/pedralonga.es\/en\/producto\/pedralonga-doumia-barrica\/#primaryimage\"},\"thumbnailUrl\":\"https:\/\/pedralonga.es\/wp-content\/uploads\/2025\/05\/pedralonga-doumia-barrica.webp\",\"datePublished\":\"2025-05-27T17:56:32+00:00\",\"dateModified\":\"2025-06-25T10:08:18+00:00\",\"breadcrumb\":{\"@id\":\"https:\/\/pedralonga.es\/en\/producto\/pedralonga-doumia-barrica\/#breadcrumb\"},\"inLanguage\":\"en-US\",\"potentialAction\":[{\"@type\":\"ReadAction\",\"target\":[\"https:\/\/pedralonga.es\/en\/producto\/pedralonga-doumia-barrica\/\"]}]},{\"@type\":\"ImageObject\",\"inLanguage\":\"en-US\",\"@id\":\"https:\/\/pedralonga.es\/en\/producto\/pedralonga-doumia-barrica\/#primaryimage\",\"url\":\"https:\/\/pedralonga.es\/wp-content\/uploads\/2025\/05\/pedralonga-doumia-barrica.webp\",\"contentUrl\":\"https:\/\/pedralonga.es\/wp-content\/uploads\/2025\/05\/pedralonga-doumia-barrica.webp\",\"width\":364,\"height\":800},{\"@type\":\"BreadcrumbList\",\"@id\":\"https:\/\/pedralonga.es\/en\/producto\/pedralonga-doumia-barrica\/#breadcrumb\",\"itemListElement\":[{\"@type\":\"ListItem\",\"position\":1,\"name\":\"Shop\",\"item\":\"https:\/\/pedralonga.es\/en\/shop\/\"},{\"@type\":\"ListItem\",\"position\":2,\"name\":\"Pedralonga DoUmia Barrica\"}]},{\"@type\":\"WebSite\",\"@id\":\"https:\/\/pedralonga.es\/en\/#website\",\"url\":\"https:\/\/pedralonga.es\/en\/\",\"name\":\"Adega Pedralonga\",\"description\":\"Bodega de vinos do Val do Umia\",\"publisher\":{\"@id\":\"https:\/\/pedralonga.es\/en\/#organization\"},\"potentialAction\":[{\"@type\":\"SearchAction\",\"target\":{\"@type\":\"EntryPoint\",\"urlTemplate\":\"https:\/\/pedralonga.es\/en\/?s={search_term_string}\"},\"query-input\":{\"@type\":\"PropertyValueSpecification\",\"valueRequired\":true,\"valueName\":\"search_term_string\"}}],\"inLanguage\":\"en-US\"},{\"@type\":\"Organization\",\"@id\":\"https:\/\/pedralonga.es\/en\/#organization\",\"name\":\"Adega Pedralonga\",\"url\":\"https:\/\/pedralonga.es\/en\/\",\"logo\":{\"@type\":\"ImageObject\",\"inLanguage\":\"en-US\",\"@id\":\"https:\/\/pedralonga.es\/en\/#\/schema\/logo\/image\/\",\"url\":\"https:\/\/pedralonga.es\/wp-content\/uploads\/2022\/04\/adega-pedralonga-logo-1614033706.jpg\",\"contentUrl\":\"https:\/\/pedralonga.es\/wp-content\/uploads\/2022\/04\/adega-pedralonga-logo-1614033706.jpg\",\"width\":94,\"height\":87,\"caption\":\"Adega Pedralonga\"},\"image\":{\"@id\":\"https:\/\/pedralonga.es\/en\/#\/schema\/logo\/image\/\"}}]}<\/script>\n<!-- \/ Yoast SEO plugin. -->","yoast_head_json":{"title":"Pedralonga DoUmia Barrica - Adega Pedralonga","robots":{"index":"index","follow":"follow","max-snippet":"max-snippet:-1","max-image-preview":"max-image-preview:large","max-video-preview":"max-video-preview:-1"},"canonical":"https:\/\/pedralonga.es\/en\/producto\/pedralonga-doumia-barrica\/","og_locale":"en_US","og_type":"article","og_title":"Pedralonga DoUmia Barrica - Adega Pedralonga","og_description":"Country\u00a0Spain  Bottles per year\u00a02.000  Formats\u00a075cl, Magnum 1,5l  Yield\u00a04.500Kg\/Ha  Type of wine\u00a0Red wine aged in barrels  Alcohol content\u00a012% vol.  Grape variety\u00a060% Menc\u00eda, 30% Red Ca\u00ed\u00f1o, 10% Espadeiro","og_url":"https:\/\/pedralonga.es\/en\/producto\/pedralonga-doumia-barrica\/","og_site_name":"Adega Pedralonga","article_modified_time":"2025-06-25T10:08:18+00:00","og_image":[{"width":364,"height":800,"url":"https:\/\/pedralonga.es\/wp-content\/uploads\/2025\/05\/pedralonga-doumia-barrica.webp","type":"image\/webp"}],"twitter_card":"summary_large_image","twitter_misc":{"Est. reading time":"1 minute"},"schema":{"@context":"https:\/\/schema.org","@graph":[{"@type":"WebPage","@id":"https:\/\/pedralonga.es\/en\/producto\/pedralonga-doumia-barrica\/","url":"https:\/\/pedralonga.es\/en\/producto\/pedralonga-doumia-barrica\/","name":"Pedralonga DoUmia Barrica - Adega Pedralonga","isPartOf":{"@id":"https:\/\/pedralonga.es\/en\/#website"},"primaryImageOfPage":{"@id":"https:\/\/pedralonga.es\/en\/producto\/pedralonga-doumia-barrica\/#primaryimage"},"image":{"@id":"https:\/\/pedralonga.es\/en\/producto\/pedralonga-doumia-barrica\/#primaryimage"},"thumbnailUrl":"https:\/\/pedralonga.es\/wp-content\/uploads\/2025\/05\/pedralonga-doumia-barrica.webp","datePublished":"2025-05-27T17:56:32+00:00","dateModified":"2025-06-25T10:08:18+00:00","breadcrumb":{"@id":"https:\/\/pedralonga.es\/en\/producto\/pedralonga-doumia-barrica\/#breadcrumb"},"inLanguage":"en-US","potentialAction":[{"@type":"ReadAction","target":["https:\/\/pedralonga.es\/en\/producto\/pedralonga-doumia-barrica\/"]}]},{"@type":"ImageObject","inLanguage":"en-US","@id":"https:\/\/pedralonga.es\/en\/producto\/pedralonga-doumia-barrica\/#primaryimage","url":"https:\/\/pedralonga.es\/wp-content\/uploads\/2025\/05\/pedralonga-doumia-barrica.webp","contentUrl":"https:\/\/pedralonga.es\/wp-content\/uploads\/2025\/05\/pedralonga-doumia-barrica.webp","width":364,"height":800},{"@type":"BreadcrumbList","@id":"https:\/\/pedralonga.es\/en\/producto\/pedralonga-doumia-barrica\/#breadcrumb","itemListElement":[{"@type":"ListItem","position":1,"name":"Shop","item":"https:\/\/pedralonga.es\/en\/shop\/"},{"@type":"ListItem","position":2,"name":"Pedralonga DoUmia Barrica"}]},{"@type":"WebSite","@id":"https:\/\/pedralonga.es\/en\/#website","url":"https:\/\/pedralonga.es\/en\/","name":"Adega Pedralonga","description":"Bodega de vinos do Val do Umia","publisher":{"@id":"https:\/\/pedralonga.es\/en\/#organization"},"potentialAction":[{"@type":"SearchAction","target":{"@type":"EntryPoint","urlTemplate":"https:\/\/pedralonga.es\/en\/?s={search_term_string}"},"query-input":{"@type":"PropertyValueSpecification","valueRequired":true,"valueName":"search_term_string"}}],"inLanguage":"en-US"},{"@type":"Organization","@id":"https:\/\/pedralonga.es\/en\/#organization","name":"Adega Pedralonga","url":"https:\/\/pedralonga.es\/en\/","logo":{"@type":"ImageObject","inLanguage":"en-US","@id":"https:\/\/pedralonga.es\/en\/#\/schema\/logo\/image\/","url":"https:\/\/pedralonga.es\/wp-content\/uploads\/2022\/04\/adega-pedralonga-logo-1614033706.jpg","contentUrl":"https:\/\/pedralonga.es\/wp-content\/uploads\/2022\/04\/adega-pedralonga-logo-1614033706.jpg","width":94,"height":87,"caption":"Adega Pedralonga"},"image":{"@id":"https:\/\/pedralonga.es\/en\/#\/schema\/logo\/image\/"}}]}},"_links":{"self":[{"href":"https:\/\/pedralonga.es\/en\/wp-json\/wp\/v2\/product\/614","targetHints":{"allow":["GET"]}}],"collection":[{"href":"https:\/\/pedralonga.es\/en\/wp-json\/wp\/v2\/product"}],"about":[{"href":"https:\/\/pedralonga.es\/en\/wp-json\/wp\/v2\/types\/product"}],"replies":[{"embeddable":true,"href":"https:\/\/pedralonga.es\/en\/wp-json\/wp\/v2\/comments?post=614"}],"wp:featuredmedia":[{"embeddable":true,"href":"https:\/\/pedralonga.es\/en\/wp-json\/wp\/v2\/media\/414"}],"wp:attachment":[{"href":"https:\/\/pedralonga.es\/en\/wp-json\/wp\/v2\/media?parent=614"}],"wp:term":[{"taxonomy":"product_brand","embeddable":true,"href":"https:\/\/pedralonga.es\/en\/wp-json\/wp\/v2\/product_brand?post=614"},{"taxonomy":"product_cat","embeddable":true,"href":"https:\/\/pedralonga.es\/en\/wp-json\/wp\/v2\/product_cat?post=614"},{"taxonomy":"product_tag","embeddable":true,"href":"https:\/\/pedralonga.es\/en\/wp-json\/wp\/v2\/product_tag?post=614"}],"curies":[{"name":"wp","href":"https:\/\/api.w.org\/{rel}","templated":true}]}}