{"id":618,"date":"2025-05-27T17:54:38","date_gmt":"2025-05-27T17:54:38","guid":{"rendered":"https:\/\/pedralonga.es\/producto\/pedralonga-doumia\/"},"modified":"2025-06-25T10:13:11","modified_gmt":"2025-06-25T10:13:11","slug":"pedralonga-doumia","status":"publish","type":"product","link":"https:\/\/pedralonga.es\/en\/producto\/pedralonga-doumia\/","title":{"rendered":"Pedralonga DoUmia"},"content":{"rendered":"<p><span style=\"color: #636e07;\">Tasting notes <\/span><\/p>\n<p><strong>Visual phase<\/strong>\u00a0translucent red with brick-red rim.<\/p>\n<p><strong>Olfactory phase<\/strong>\u00a0floral aroma, with hints of fresh fruit and, at the end, a hint of smoke.<\/p>\n<p><strong>Taste phase<\/strong>\u00a0Fresh and fruity on the palate, with a good aftertaste.<\/p>\n<p><span style=\"color: #636e07;\">Particularities <\/span><\/p>\n<p>Harvested by hand in 16 kg crates. Temperature controlled fermentation in stainless steel tanks. Malolactic fermentation on the lees and subsequent resting on the lees for 9 to 12 months.<\/p>\n<p><span style=\"color: #636e07;\">The rebelliousness of R\u00edas Baixas<\/span><\/p>\n<p>The search for a blend worthy of the Denomination of Origin has resulted in the creation of a wine that is fresh on the palate, fruity and with character. An easy wine that pleases both novice and experienced tasters.<\/p>\n","protected":false},"excerpt":{"rendered":"<p><strong>D.O.<\/strong>\u00a0R\u00edas Baixas.<\/p>\n<p><strong>Country<\/strong>\u00a0Spain<\/p>\n<p><strong>Bottles per year\u00a0<\/strong>8.000<\/p>\n<p><strong>Formats\u00a0<\/strong>75cl, Magnum 1,5l<\/p>\n<p><strong>Yield\u00a0<\/strong>4.500Kg\/Ha<\/p>\n<p><strong>Type of wine<\/strong>\u00a0Red wine aged in stainless steel tanks.<\/p>\n<p><strong>Alcohol content\u00a0<\/strong>12% vol.<\/p>\n<p><strong>Grape variety\u00a0<\/strong>60% Menc\u00eda, 30% Red Ca\u00ed\u00f1o, 10% Espadeiro<\/p>\n","protected":false},"featured_media":413,"comment_status":"open","ping_status":"closed","template":"","meta":{"_acf_changed":false},"product_brand":[],"product_cat":[43],"product_tag":[],"class_list":{"0":"post-618","1":"product","2":"type-product","3":"status-publish","4":"has-post-thumbnail","6":"product_cat-red","8":"first","9":"instock","10":"shipping-taxable","11":"purchasable","12":"product-type-variable"},"acf":[],"yoast_head":"<!-- This site is optimized with the Yoast SEO plugin v26.8 - https:\/\/yoast.com\/product\/yoast-seo-wordpress\/ -->\n<title>Pedralonga DoUmia - Adega Pedralonga<\/title>\n<meta name=\"robots\" content=\"index, follow, max-snippet:-1, max-image-preview:large, max-video-preview:-1\" \/>\n<link rel=\"canonical\" href=\"https:\/\/pedralonga.es\/en\/producto\/pedralonga-doumia\/\" \/>\n<meta property=\"og:locale\" content=\"en_US\" \/>\n<meta property=\"og:type\" content=\"article\" \/>\n<meta property=\"og:title\" content=\"Pedralonga DoUmia - Adega Pedralonga\" \/>\n<meta property=\"og:description\" content=\"D.O.\u00a0R\u00edas Baixas.  Country\u00a0Spain  Bottles per year\u00a08.000  Formats\u00a075cl, Magnum 1,5l  Yield\u00a04.500Kg\/Ha  Type of wine\u00a0Red wine aged in stainless steel tanks.  Alcohol content\u00a012% vol.  Grape variety\u00a060% Menc\u00eda, 30% Red Ca\u00ed\u00f1o, 10% Espadeiro\" \/>\n<meta property=\"og:url\" content=\"https:\/\/pedralonga.es\/en\/producto\/pedralonga-doumia\/\" \/>\n<meta property=\"og:site_name\" content=\"Adega Pedralonga\" \/>\n<meta property=\"article:modified_time\" content=\"2025-06-25T10:13:11+00:00\" \/>\n<meta property=\"og:image\" content=\"https:\/\/pedralonga.es\/wp-content\/uploads\/2025\/05\/pedralonga-doumia.webp\" \/>\n\t<meta property=\"og:image:width\" content=\"364\" \/>\n\t<meta property=\"og:image:height\" content=\"800\" \/>\n\t<meta property=\"og:image:type\" content=\"image\/webp\" \/>\n<meta name=\"twitter:card\" content=\"summary_large_image\" \/>\n<meta name=\"twitter:label1\" content=\"Est. reading time\" \/>\n\t<meta name=\"twitter:data1\" content=\"1 minute\" \/>\n<script type=\"application\/ld+json\" class=\"yoast-schema-graph\">{\"@context\":\"https:\/\/schema.org\",\"@graph\":[{\"@type\":\"WebPage\",\"@id\":\"https:\/\/pedralonga.es\/en\/producto\/pedralonga-doumia\/\",\"url\":\"https:\/\/pedralonga.es\/en\/producto\/pedralonga-doumia\/\",\"name\":\"Pedralonga DoUmia - Adega Pedralonga\",\"isPartOf\":{\"@id\":\"https:\/\/pedralonga.es\/en\/#website\"},\"primaryImageOfPage\":{\"@id\":\"https:\/\/pedralonga.es\/en\/producto\/pedralonga-doumia\/#primaryimage\"},\"image\":{\"@id\":\"https:\/\/pedralonga.es\/en\/producto\/pedralonga-doumia\/#primaryimage\"},\"thumbnailUrl\":\"https:\/\/pedralonga.es\/wp-content\/uploads\/2025\/05\/pedralonga-doumia.webp\",\"datePublished\":\"2025-05-27T17:54:38+00:00\",\"dateModified\":\"2025-06-25T10:13:11+00:00\",\"breadcrumb\":{\"@id\":\"https:\/\/pedralonga.es\/en\/producto\/pedralonga-doumia\/#breadcrumb\"},\"inLanguage\":\"en-US\",\"potentialAction\":[{\"@type\":\"ReadAction\",\"target\":[\"https:\/\/pedralonga.es\/en\/producto\/pedralonga-doumia\/\"]}]},{\"@type\":\"ImageObject\",\"inLanguage\":\"en-US\",\"@id\":\"https:\/\/pedralonga.es\/en\/producto\/pedralonga-doumia\/#primaryimage\",\"url\":\"https:\/\/pedralonga.es\/wp-content\/uploads\/2025\/05\/pedralonga-doumia.webp\",\"contentUrl\":\"https:\/\/pedralonga.es\/wp-content\/uploads\/2025\/05\/pedralonga-doumia.webp\",\"width\":364,\"height\":800},{\"@type\":\"BreadcrumbList\",\"@id\":\"https:\/\/pedralonga.es\/en\/producto\/pedralonga-doumia\/#breadcrumb\",\"itemListElement\":[{\"@type\":\"ListItem\",\"position\":1,\"name\":\"Shop\",\"item\":\"https:\/\/pedralonga.es\/en\/shop\/\"},{\"@type\":\"ListItem\",\"position\":2,\"name\":\"Pedralonga DoUmia\"}]},{\"@type\":\"WebSite\",\"@id\":\"https:\/\/pedralonga.es\/en\/#website\",\"url\":\"https:\/\/pedralonga.es\/en\/\",\"name\":\"Adega Pedralonga\",\"description\":\"Bodega de vinos do Val do Umia\",\"publisher\":{\"@id\":\"https:\/\/pedralonga.es\/en\/#organization\"},\"potentialAction\":[{\"@type\":\"SearchAction\",\"target\":{\"@type\":\"EntryPoint\",\"urlTemplate\":\"https:\/\/pedralonga.es\/en\/?s={search_term_string}\"},\"query-input\":{\"@type\":\"PropertyValueSpecification\",\"valueRequired\":true,\"valueName\":\"search_term_string\"}}],\"inLanguage\":\"en-US\"},{\"@type\":\"Organization\",\"@id\":\"https:\/\/pedralonga.es\/en\/#organization\",\"name\":\"Adega Pedralonga\",\"url\":\"https:\/\/pedralonga.es\/en\/\",\"logo\":{\"@type\":\"ImageObject\",\"inLanguage\":\"en-US\",\"@id\":\"https:\/\/pedralonga.es\/en\/#\/schema\/logo\/image\/\",\"url\":\"https:\/\/pedralonga.es\/wp-content\/uploads\/2022\/04\/adega-pedralonga-logo-1614033706.jpg\",\"contentUrl\":\"https:\/\/pedralonga.es\/wp-content\/uploads\/2022\/04\/adega-pedralonga-logo-1614033706.jpg\",\"width\":94,\"height\":87,\"caption\":\"Adega Pedralonga\"},\"image\":{\"@id\":\"https:\/\/pedralonga.es\/en\/#\/schema\/logo\/image\/\"}}]}<\/script>\n<!-- \/ Yoast SEO plugin. -->","yoast_head_json":{"title":"Pedralonga DoUmia - Adega Pedralonga","robots":{"index":"index","follow":"follow","max-snippet":"max-snippet:-1","max-image-preview":"max-image-preview:large","max-video-preview":"max-video-preview:-1"},"canonical":"https:\/\/pedralonga.es\/en\/producto\/pedralonga-doumia\/","og_locale":"en_US","og_type":"article","og_title":"Pedralonga DoUmia - Adega Pedralonga","og_description":"D.O.\u00a0R\u00edas Baixas.  Country\u00a0Spain  Bottles per year\u00a08.000  Formats\u00a075cl, Magnum 1,5l  Yield\u00a04.500Kg\/Ha  Type of wine\u00a0Red wine aged in stainless steel tanks.  Alcohol content\u00a012% vol.  Grape variety\u00a060% Menc\u00eda, 30% Red Ca\u00ed\u00f1o, 10% Espadeiro","og_url":"https:\/\/pedralonga.es\/en\/producto\/pedralonga-doumia\/","og_site_name":"Adega Pedralonga","article_modified_time":"2025-06-25T10:13:11+00:00","og_image":[{"width":364,"height":800,"url":"https:\/\/pedralonga.es\/wp-content\/uploads\/2025\/05\/pedralonga-doumia.webp","type":"image\/webp"}],"twitter_card":"summary_large_image","twitter_misc":{"Est. reading time":"1 minute"},"schema":{"@context":"https:\/\/schema.org","@graph":[{"@type":"WebPage","@id":"https:\/\/pedralonga.es\/en\/producto\/pedralonga-doumia\/","url":"https:\/\/pedralonga.es\/en\/producto\/pedralonga-doumia\/","name":"Pedralonga DoUmia - Adega Pedralonga","isPartOf":{"@id":"https:\/\/pedralonga.es\/en\/#website"},"primaryImageOfPage":{"@id":"https:\/\/pedralonga.es\/en\/producto\/pedralonga-doumia\/#primaryimage"},"image":{"@id":"https:\/\/pedralonga.es\/en\/producto\/pedralonga-doumia\/#primaryimage"},"thumbnailUrl":"https:\/\/pedralonga.es\/wp-content\/uploads\/2025\/05\/pedralonga-doumia.webp","datePublished":"2025-05-27T17:54:38+00:00","dateModified":"2025-06-25T10:13:11+00:00","breadcrumb":{"@id":"https:\/\/pedralonga.es\/en\/producto\/pedralonga-doumia\/#breadcrumb"},"inLanguage":"en-US","potentialAction":[{"@type":"ReadAction","target":["https:\/\/pedralonga.es\/en\/producto\/pedralonga-doumia\/"]}]},{"@type":"ImageObject","inLanguage":"en-US","@id":"https:\/\/pedralonga.es\/en\/producto\/pedralonga-doumia\/#primaryimage","url":"https:\/\/pedralonga.es\/wp-content\/uploads\/2025\/05\/pedralonga-doumia.webp","contentUrl":"https:\/\/pedralonga.es\/wp-content\/uploads\/2025\/05\/pedralonga-doumia.webp","width":364,"height":800},{"@type":"BreadcrumbList","@id":"https:\/\/pedralonga.es\/en\/producto\/pedralonga-doumia\/#breadcrumb","itemListElement":[{"@type":"ListItem","position":1,"name":"Shop","item":"https:\/\/pedralonga.es\/en\/shop\/"},{"@type":"ListItem","position":2,"name":"Pedralonga DoUmia"}]},{"@type":"WebSite","@id":"https:\/\/pedralonga.es\/en\/#website","url":"https:\/\/pedralonga.es\/en\/","name":"Adega Pedralonga","description":"Bodega de vinos do Val do Umia","publisher":{"@id":"https:\/\/pedralonga.es\/en\/#organization"},"potentialAction":[{"@type":"SearchAction","target":{"@type":"EntryPoint","urlTemplate":"https:\/\/pedralonga.es\/en\/?s={search_term_string}"},"query-input":{"@type":"PropertyValueSpecification","valueRequired":true,"valueName":"search_term_string"}}],"inLanguage":"en-US"},{"@type":"Organization","@id":"https:\/\/pedralonga.es\/en\/#organization","name":"Adega Pedralonga","url":"https:\/\/pedralonga.es\/en\/","logo":{"@type":"ImageObject","inLanguage":"en-US","@id":"https:\/\/pedralonga.es\/en\/#\/schema\/logo\/image\/","url":"https:\/\/pedralonga.es\/wp-content\/uploads\/2022\/04\/adega-pedralonga-logo-1614033706.jpg","contentUrl":"https:\/\/pedralonga.es\/wp-content\/uploads\/2022\/04\/adega-pedralonga-logo-1614033706.jpg","width":94,"height":87,"caption":"Adega Pedralonga"},"image":{"@id":"https:\/\/pedralonga.es\/en\/#\/schema\/logo\/image\/"}}]}},"_links":{"self":[{"href":"https:\/\/pedralonga.es\/en\/wp-json\/wp\/v2\/product\/618","targetHints":{"allow":["GET"]}}],"collection":[{"href":"https:\/\/pedralonga.es\/en\/wp-json\/wp\/v2\/product"}],"about":[{"href":"https:\/\/pedralonga.es\/en\/wp-json\/wp\/v2\/types\/product"}],"replies":[{"embeddable":true,"href":"https:\/\/pedralonga.es\/en\/wp-json\/wp\/v2\/comments?post=618"}],"wp:featuredmedia":[{"embeddable":true,"href":"https:\/\/pedralonga.es\/en\/wp-json\/wp\/v2\/media\/413"}],"wp:attachment":[{"href":"https:\/\/pedralonga.es\/en\/wp-json\/wp\/v2\/media?parent=618"}],"wp:term":[{"taxonomy":"product_brand","embeddable":true,"href":"https:\/\/pedralonga.es\/en\/wp-json\/wp\/v2\/product_brand?post=618"},{"taxonomy":"product_cat","embeddable":true,"href":"https:\/\/pedralonga.es\/en\/wp-json\/wp\/v2\/product_cat?post=618"},{"taxonomy":"product_tag","embeddable":true,"href":"https:\/\/pedralonga.es\/en\/wp-json\/wp\/v2\/product_tag?post=618"}],"curies":[{"name":"wp","href":"https:\/\/api.w.org\/{rel}","templated":true}]}}